{"id":2611,"date":"2022-04-21T06:37:05","date_gmt":"2022-04-21T06:37:05","guid":{"rendered":"https:\/\/demos.ascendoor.com\/ascendoor-magazine-pro\/?page_id=1910"},"modified":"2026-03-02T01:43:48","modified_gmt":"2026-03-01T22:43:48","slug":"blog","status":"publish","type":"page","link":"https:\/\/melihayildiz.org\/?page_id=2611","title":{"rendered":"Blog"},"content":{"rendered":"\n<h2 class=\"wp-block-heading\">L\u0130C\u0130DER<\/h2>\n\n\n\n<blockquote class=\"wp-block-quote is-layout-flow wp-block-quote-is-layout-flow\">\n<p><strong>SEN BEN\u0130M KALB\u0130MDES\u0130N&#8230;<\/strong><\/p>\n<\/blockquote>\n\n\n\n<p>Licidar Kalpleri S\u0131rbista\u2019n\u0131n el yap\u0131m\u0131 me\u015fhur kurabiyeleri. \u00d6nceleri daha \u00e7ok yemek i\u00e7in haz\u0131rlanan kurabiyeler zamanla bir sembol ve dekoratif s\u00fcs haline gelmi\u015f.<\/p>\n\n\n\n<p>\u201cLicidar kalbi, orijinal anlam\u0131yla a\u015fk ve sevginin simgesi. Gen\u00e7 bir erkek, panay\u0131rda ho\u015fland\u0131\u011f\u0131 bir k\u0131za sevgisinin bir g\u00f6stergesi olarak kalbini verirdi. Kalbin ortas\u0131na yerle\u015ftirilen aynada kendi yans\u0131mas\u0131n\u0131 g\u00f6ren k\u0131z, mesaj al\u0131rd\u0131: Sen benim kalbimdesin!<br>Baz\u0131 b\u00f6lgelerde bu hediye ni\u015fan y\u00fcz\u00fc\u011f\u00fc gibiydi. K\u0131zlar kalbi boynuna takar. K\u0131z\u0131n ni\u015fanl\u0131 oldu\u011fu anlam\u0131na gelirdi.<br>Son y\u0131llarda baz\u0131 d\u00fc\u011f\u00fcnlerde gelin ve damat taraf\u0131ndan misafirlere hediye olarak verilir.<\/p>\n\n\n\n<p>Kalpler 2010 y\u0131l\u0131mda UNESCO somut olmayan k\u00fclt\u00fcrel miras\u0131n temsili listesine girdi.<\/p>\n\n\n\n<p><\/p>\n","protected":false},"excerpt":{"rendered":"<p>L\u0130C\u0130DER SEN BEN\u0130M KALB\u0130MDES\u0130N&#8230; Licidar Kalpleri S\u0131rbista\u2019n\u0131n el yap\u0131m\u0131 me\u015fhur kurabiyeleri. \u00d6nceleri daha \u00e7ok&hellip;<\/p>\n","protected":false},"author":1,"featured_media":3218,"parent":0,"menu_order":0,"comment_status":"closed","ping_status":"closed","template":"","meta":{"footnotes":""},"class_list":["post-2611","page","type-page","status-publish","has-post-thumbnail","hentry"],"_links":{"self":[{"href":"https:\/\/melihayildiz.org\/index.php?rest_route=\/wp\/v2\/pages\/2611","targetHints":{"allow":["GET"]}}],"collection":[{"href":"https:\/\/melihayildiz.org\/index.php?rest_route=\/wp\/v2\/pages"}],"about":[{"href":"https:\/\/melihayildiz.org\/index.php?rest_route=\/wp\/v2\/types\/page"}],"author":[{"embeddable":true,"href":"https:\/\/melihayildiz.org\/index.php?rest_route=\/wp\/v2\/users\/1"}],"replies":[{"embeddable":true,"href":"https:\/\/melihayildiz.org\/index.php?rest_route=%2Fwp%2Fv2%2Fcomments&post=2611"}],"version-history":[{"count":9,"href":"https:\/\/melihayildiz.org\/index.php?rest_route=\/wp\/v2\/pages\/2611\/revisions"}],"predecessor-version":[{"id":3222,"href":"https:\/\/melihayildiz.org\/index.php?rest_route=\/wp\/v2\/pages\/2611\/revisions\/3222"}],"wp:featuredmedia":[{"embeddable":true,"href":"https:\/\/melihayildiz.org\/index.php?rest_route=\/wp\/v2\/media\/3218"}],"wp:attachment":[{"href":"https:\/\/melihayildiz.org\/index.php?rest_route=%2Fwp%2Fv2%2Fmedia&parent=2611"}],"curies":[{"name":"wp","href":"https:\/\/api.w.org\/{rel}","templated":true}]}}