{"id":3245,"date":"2026-03-02T21:37:48","date_gmt":"2026-03-02T18:37:48","guid":{"rendered":"https:\/\/melihayildiz.org\/?page_id=3245"},"modified":"2026-03-17T02:41:04","modified_gmt":"2026-03-16T23:41:04","slug":"etkinlik-takvimi","status":"publish","type":"page","link":"https:\/\/melihayildiz.org\/?page_id=3245","title":{"rendered":"Etkinlik Takvimi"},"content":{"rendered":"\n<p>Novi Sad k\u00fclt\u00fcr-sanat etkinlikleri ve festivaller bak\u0131m\u0131ndan zengin bir \u015fehir. <\/p>\n\n\n\n<p>Panay\u0131r havas\u0131nda ge\u00e7en gece pazarlar\u0131na denk gelirseniz Riblja Pijaca &#8216;ya kurulan pazarlar\u0131 muhakkak ziyaret edin.<\/p>\n\n\n\n<p>Novi Sad Etkinlik Takvimi<\/p>\n\n\n\n<p><a href=\"https:\/\/novisad.travel\/kalendar-dogadaja\">https:\/\/novisad.travel\/kalendar-dogadaja<\/a><\/p>\n\n\n\n<p><\/p>\n","protected":false},"excerpt":{"rendered":"<p>Novi Sad k\u00fclt\u00fcr-sanat etkinlikleri ve festivaller bak\u0131m\u0131ndan zengin bir \u015fehir. Panay\u0131r havas\u0131nda ge\u00e7en gece&hellip;<\/p>\n","protected":false},"author":1,"featured_media":0,"parent":0,"menu_order":0,"comment_status":"closed","ping_status":"closed","template":"","meta":{"footnotes":""},"class_list":["post-3245","page","type-page","status-publish","hentry"],"_links":{"self":[{"href":"https:\/\/melihayildiz.org\/index.php?rest_route=\/wp\/v2\/pages\/3245","targetHints":{"allow":["GET"]}}],"collection":[{"href":"https:\/\/melihayildiz.org\/index.php?rest_route=\/wp\/v2\/pages"}],"about":[{"href":"https:\/\/melihayildiz.org\/index.php?rest_route=\/wp\/v2\/types\/page"}],"author":[{"embeddable":true,"href":"https:\/\/melihayildiz.org\/index.php?rest_route=\/wp\/v2\/users\/1"}],"replies":[{"embeddable":true,"href":"https:\/\/melihayildiz.org\/index.php?rest_route=%2Fwp%2Fv2%2Fcomments&post=3245"}],"version-history":[{"count":3,"href":"https:\/\/melihayildiz.org\/index.php?rest_route=\/wp\/v2\/pages\/3245\/revisions"}],"predecessor-version":[{"id":3358,"href":"https:\/\/melihayildiz.org\/index.php?rest_route=\/wp\/v2\/pages\/3245\/revisions\/3358"}],"wp:attachment":[{"href":"https:\/\/melihayildiz.org\/index.php?rest_route=%2Fwp%2Fv2%2Fmedia&parent=3245"}],"curies":[{"name":"wp","href":"https:\/\/api.w.org\/{rel}","templated":true}]}}