{"id":3248,"date":"2026-03-02T21:37:49","date_gmt":"2026-03-02T18:37:49","guid":{"rendered":"https:\/\/melihayildiz.org\/?page_id=3248"},"modified":"2026-03-17T01:19:24","modified_gmt":"2026-03-16T22:19:24","slug":"vize","status":"publish","type":"page","link":"https:\/\/melihayildiz.org\/?page_id=3248","title":{"rendered":"Vize"},"content":{"rendered":"\n<p>T\u00fcrk vatanda\u015flar\u0131 i\u00e7in S\u0131rbistan&#8217;a seyahatlerde vize muafiyeti bulunuyor. Turistik ama\u00e7l\u0131 ziyaretlerde herhangi bir vize alman\u0131za gerek yok.<\/p>\n\n\n\n<p>180 g\u00fcn i\u00e7inde toplam 90 g\u00fcn\u00fc a\u015fmamak kayd\u0131yla vizesiz konaklayabilirsiniz.<\/p>\n","protected":false},"excerpt":{"rendered":"<p>T\u00fcrk vatanda\u015flar\u0131 i\u00e7in S\u0131rbistan&#8217;a seyahatlerde vize muafiyeti bulunuyor. Turistik ama\u00e7l\u0131 ziyaretlerde herhangi bir vize&hellip;<\/p>\n","protected":false},"author":1,"featured_media":0,"parent":0,"menu_order":0,"comment_status":"closed","ping_status":"closed","template":"","meta":{"footnotes":""},"class_list":["post-3248","page","type-page","status-publish","hentry"],"_links":{"self":[{"href":"https:\/\/melihayildiz.org\/index.php?rest_route=\/wp\/v2\/pages\/3248","targetHints":{"allow":["GET"]}}],"collection":[{"href":"https:\/\/melihayildiz.org\/index.php?rest_route=\/wp\/v2\/pages"}],"about":[{"href":"https:\/\/melihayildiz.org\/index.php?rest_route=\/wp\/v2\/types\/page"}],"author":[{"embeddable":true,"href":"https:\/\/melihayildiz.org\/index.php?rest_route=\/wp\/v2\/users\/1"}],"replies":[{"embeddable":true,"href":"https:\/\/melihayildiz.org\/index.php?rest_route=%2Fwp%2Fv2%2Fcomments&post=3248"}],"version-history":[{"count":3,"href":"https:\/\/melihayildiz.org\/index.php?rest_route=\/wp\/v2\/pages\/3248\/revisions"}],"predecessor-version":[{"id":3334,"href":"https:\/\/melihayildiz.org\/index.php?rest_route=\/wp\/v2\/pages\/3248\/revisions\/3334"}],"wp:attachment":[{"href":"https:\/\/melihayildiz.org\/index.php?rest_route=%2Fwp%2Fv2%2Fmedia&parent=3248"}],"curies":[{"name":"wp","href":"https:\/\/api.w.org\/{rel}","templated":true}]}}