{"id":3249,"date":"2026-03-02T21:37:49","date_gmt":"2026-03-02T18:37:49","guid":{"rendered":"https:\/\/melihayildiz.org\/?page_id=3249"},"modified":"2026-03-17T02:37:34","modified_gmt":"2026-03-16T23:37:34","slug":"para-birimi","status":"publish","type":"page","link":"https:\/\/melihayildiz.org\/?page_id=3249","title":{"rendered":"Para Birimi"},"content":{"rendered":"\n<figure class=\"wp-block-image size-full is-resized\"><img loading=\"lazy\" decoding=\"async\" width=\"800\" height=\"379\" src=\"https:\/\/melihayildiz.org\/wp-content\/uploads\/2026\/03\/banknote-dinara-serbia-portrait-nikola-tesla-money-europe-376426064.webp\" alt=\"\" class=\"wp-image-3353\" style=\"aspect-ratio:2.110877192982456;width:538px;height:auto\" srcset=\"https:\/\/melihayildiz.org\/wp-content\/uploads\/2026\/03\/banknote-dinara-serbia-portrait-nikola-tesla-money-europe-376426064.webp 800w, https:\/\/melihayildiz.org\/wp-content\/uploads\/2026\/03\/banknote-dinara-serbia-portrait-nikola-tesla-money-europe-376426064-300x142.webp 300w, https:\/\/melihayildiz.org\/wp-content\/uploads\/2026\/03\/banknote-dinara-serbia-portrait-nikola-tesla-money-europe-376426064-768x364.webp 768w\" sizes=\"auto, (max-width: 800px) 100vw, 800px\" \/><\/figure>\n\n\n\n<p style=\"font-size:15px;font-style:normal;font-weight:100\"><em>G\u00f6rsel: Nikola Tesla<\/em><\/p>\n\n\n\n<p>S\u0131rbistan&#8217;\u0131n para birimi S\u0131rp Dinar\u0131.<\/p>\n\n\n\n<p>D\u00f6viz b\u00fcrolar\u0131 \u00e7ok yayg\u0131n.<\/p>\n\n\n\n<p>Havaalan\u0131nda d\u00f6viz de\u011fi\u015fim otomatlar\u0131 bulunur.<\/p>\n\n\n\n<p><\/p>\n","protected":false},"excerpt":{"rendered":"<p>G\u00f6rsel: Nikola Tesla S\u0131rbistan&#8217;\u0131n para birimi S\u0131rp Dinar\u0131. D\u00f6viz b\u00fcrolar\u0131 \u00e7ok yayg\u0131n. Havaalan\u0131nda d\u00f6viz&hellip;<\/p>\n","protected":false},"author":1,"featured_media":0,"parent":0,"menu_order":0,"comment_status":"closed","ping_status":"closed","template":"","meta":{"footnotes":""},"class_list":["post-3249","page","type-page","status-publish","hentry"],"_links":{"self":[{"href":"https:\/\/melihayildiz.org\/index.php?rest_route=\/wp\/v2\/pages\/3249","targetHints":{"allow":["GET"]}}],"collection":[{"href":"https:\/\/melihayildiz.org\/index.php?rest_route=\/wp\/v2\/pages"}],"about":[{"href":"https:\/\/melihayildiz.org\/index.php?rest_route=\/wp\/v2\/types\/page"}],"author":[{"embeddable":true,"href":"https:\/\/melihayildiz.org\/index.php?rest_route=\/wp\/v2\/users\/1"}],"replies":[{"embeddable":true,"href":"https:\/\/melihayildiz.org\/index.php?rest_route=%2Fwp%2Fv2%2Fcomments&post=3249"}],"version-history":[{"count":4,"href":"https:\/\/melihayildiz.org\/index.php?rest_route=\/wp\/v2\/pages\/3249\/revisions"}],"predecessor-version":[{"id":3355,"href":"https:\/\/melihayildiz.org\/index.php?rest_route=\/wp\/v2\/pages\/3249\/revisions\/3355"}],"wp:attachment":[{"href":"https:\/\/melihayildiz.org\/index.php?rest_route=%2Fwp%2Fv2%2Fmedia&parent=3249"}],"curies":[{"name":"wp","href":"https:\/\/api.w.org\/{rel}","templated":true}]}}