{"id":3250,"date":"2026-03-02T21:37:49","date_gmt":"2026-03-02T18:37:49","guid":{"rendered":"https:\/\/melihayildiz.org\/?page_id=3250"},"modified":"2026-03-17T02:00:02","modified_gmt":"2026-03-16T23:00:02","slug":"belgrad-ulasim","status":"publish","type":"page","link":"https:\/\/melihayildiz.org\/?page_id=3250","title":{"rendered":"Belgrad Ula\u015f\u0131m"},"content":{"rendered":"\n<p>Belgrad&#8217;da toplu ta\u015f\u0131ma \u00fccretsizdir.<\/p>\n\n\n\n<p>Nicola Tesla Havaliman\u0131 &#8216;ndan Belgrad merkeze \u00fccretsiz en kolay ula\u015f\u0131m 72 numaral\u0131 otob\u00fcs\u00fc kullanmakt\u0131r. Zeleni Venac b\u00f6lgesi son durakt\u0131r. Merkeze en yak\u0131n durakt\u0131r. Yolculuk yakla\u015f\u0131k 40 dakika s\u00fcrmektedir.<\/p>\n\n\n\n<p><a href=\"https:\/\/maps.app.goo.gl\/zwk7YWZXaMd8CL7f8\">https:\/\/maps.app.goo.gl\/zwk7YWZXaMd8CL7f8<\/a><\/p>\n\n\n\n<p>Havaalan\u0131ndan Belgrad Merkez Tren \u0130stasyonuna giden otob\u00fcs 600 numarad\u0131r.<\/p>\n\n\n\n<p>Belgrad&#8217;da otob\u00fcs bilgileri i\u00e7in a\u015fa\u011f\u0131daki mobil aplikasyonu kullanabilirsiniz. <\/p>\n\n\n\n<p><a href=\"https:\/\/play.google.com\/store\/apps\/details?id=buslogic.beogradplus&amp;pcampaignid=web_share\">https:\/\/play.google.com\/store\/apps\/details?id=buslogic.beogradplus&amp;pcampaignid=web_share<\/a><\/p>\n\n\n\n<p><\/p>\n","protected":false},"excerpt":{"rendered":"<p>Belgrad&#8217;da toplu ta\u015f\u0131ma \u00fccretsizdir. Nicola Tesla Havaliman\u0131 &#8216;ndan Belgrad merkeze \u00fccretsiz en kolay ula\u015f\u0131m&hellip;<\/p>\n","protected":false},"author":1,"featured_media":0,"parent":0,"menu_order":0,"comment_status":"closed","ping_status":"closed","template":"","meta":{"footnotes":""},"class_list":["post-3250","page","type-page","status-publish","hentry"],"_links":{"self":[{"href":"https:\/\/melihayildiz.org\/index.php?rest_route=\/wp\/v2\/pages\/3250","targetHints":{"allow":["GET"]}}],"collection":[{"href":"https:\/\/melihayildiz.org\/index.php?rest_route=\/wp\/v2\/pages"}],"about":[{"href":"https:\/\/melihayildiz.org\/index.php?rest_route=\/wp\/v2\/types\/page"}],"author":[{"embeddable":true,"href":"https:\/\/melihayildiz.org\/index.php?rest_route=\/wp\/v2\/users\/1"}],"replies":[{"embeddable":true,"href":"https:\/\/melihayildiz.org\/index.php?rest_route=%2Fwp%2Fv2%2Fcomments&post=3250"}],"version-history":[{"count":3,"href":"https:\/\/melihayildiz.org\/index.php?rest_route=\/wp\/v2\/pages\/3250\/revisions"}],"predecessor-version":[{"id":3341,"href":"https:\/\/melihayildiz.org\/index.php?rest_route=\/wp\/v2\/pages\/3250\/revisions\/3341"}],"wp:attachment":[{"href":"https:\/\/melihayildiz.org\/index.php?rest_route=%2Fwp%2Fv2%2Fmedia&parent=3250"}],"curies":[{"name":"wp","href":"https:\/\/api.w.org\/{rel}","templated":true}]}}