{"id":3252,"date":"2026-03-02T21:37:49","date_gmt":"2026-03-02T18:37:49","guid":{"rendered":"https:\/\/melihayildiz.org\/?page_id=3252"},"modified":"2026-03-02T23:07:51","modified_gmt":"2026-03-02T20:07:51","slug":"gezilecek-yerler","status":"publish","type":"page","link":"https:\/\/melihayildiz.org\/?page_id=3252","title":{"rendered":"Gezilecek Yerler"},"content":{"rendered":"\n<p>G\u00fcn\u00fcbirlik Novi Sad rota ve harita i\u00e7in t\u0131klay\u0131n.<\/p>\n\n\n\n<p><\/p>\n","protected":false},"excerpt":{"rendered":"<p>G\u00fcn\u00fcbirlik Novi Sad rota ve harita i\u00e7in t\u0131klay\u0131n.<\/p>\n","protected":false},"author":1,"featured_media":0,"parent":0,"menu_order":0,"comment_status":"closed","ping_status":"closed","template":"","meta":{"footnotes":""},"class_list":["post-3252","page","type-page","status-publish","hentry"],"_links":{"self":[{"href":"https:\/\/melihayildiz.org\/index.php?rest_route=\/wp\/v2\/pages\/3252","targetHints":{"allow":["GET"]}}],"collection":[{"href":"https:\/\/melihayildiz.org\/index.php?rest_route=\/wp\/v2\/pages"}],"about":[{"href":"https:\/\/melihayildiz.org\/index.php?rest_route=\/wp\/v2\/types\/page"}],"author":[{"embeddable":true,"href":"https:\/\/melihayildiz.org\/index.php?rest_route=\/wp\/v2\/users\/1"}],"replies":[{"embeddable":true,"href":"https:\/\/melihayildiz.org\/index.php?rest_route=%2Fwp%2Fv2%2Fcomments&post=3252"}],"version-history":[{"count":4,"href":"https:\/\/melihayildiz.org\/index.php?rest_route=\/wp\/v2\/pages\/3252\/revisions"}],"predecessor-version":[{"id":3297,"href":"https:\/\/melihayildiz.org\/index.php?rest_route=\/wp\/v2\/pages\/3252\/revisions\/3297"}],"wp:attachment":[{"href":"https:\/\/melihayildiz.org\/index.php?rest_route=%2Fwp%2Fv2%2Fmedia&parent=3252"}],"curies":[{"name":"wp","href":"https:\/\/api.w.org\/{rel}","templated":true}]}}