{"id":3309,"date":"2026-03-02T23:23:33","date_gmt":"2026-03-02T20:23:33","guid":{"rendered":"https:\/\/melihayildiz.org\/?page_id=3309"},"modified":"2026-03-17T02:06:05","modified_gmt":"2026-03-16T23:06:05","slug":"belgrad-novi-sad","status":"publish","type":"page","link":"https:\/\/melihayildiz.org\/?page_id=3309","title":{"rendered":"Belgrad-Novi Sad"},"content":{"rendered":"\n<p>Novi Sad &#8216;da  \u015fehir i\u00e7i ula\u015f\u0131mda bilet yerine nakit \u00f6deme yapabilirsiniz. \u00dccretini \u015fof\u00f6re verebilirsiniz. Merkez hatlarda \u00fccret 100 dinar. Banliy\u00f6lerde gidece\u011finiz yere g\u00f6re de\u011fi\u015fir.<\/p>\n\n\n\n<p>Belgrad&#8217;dan Novi Sad&#8217;a en konforlu ve uygun fiyatl\u0131 ula\u015f\u0131m tren kullanmak. Belgrad merkez istasyondan Petrovaradin \u0130stasyonuna yolculuk yapman\u0131z gerekir.<\/p>\n\n\n\n<p>Belgrad-Novi Sad tren bilgileri i\u00e7in a\u015fa\u011f\u0131daki uygulamay\u0131 kullanabilirsiniz.<\/p>\n\n\n\n<p><a href=\"https:\/\/srbijavoz.rs\">https:\/\/srbijavoz.rs<\/a><\/p>\n\n\n\n<p>Petrovaradin \u0130stasyonundan \u015fehir merkezine 3 ve 9 numaral\u0131 otob\u00fcslerle gelebilirsiniz. Otob\u00fcs \u00fccreti 100 dinar. <\/p>\n","protected":false},"excerpt":{"rendered":"<p>Novi Sad &#8216;da \u015fehir i\u00e7i ula\u015f\u0131mda bilet yerine nakit \u00f6deme yapabilirsiniz. \u00dccretini \u015fof\u00f6re verebilirsiniz.&hellip;<\/p>\n","protected":false},"author":1,"featured_media":0,"parent":0,"menu_order":0,"comment_status":"closed","ping_status":"closed","template":"","meta":{"footnotes":""},"class_list":["post-3309","page","type-page","status-publish","hentry"],"_links":{"self":[{"href":"https:\/\/melihayildiz.org\/index.php?rest_route=\/wp\/v2\/pages\/3309","targetHints":{"allow":["GET"]}}],"collection":[{"href":"https:\/\/melihayildiz.org\/index.php?rest_route=\/wp\/v2\/pages"}],"about":[{"href":"https:\/\/melihayildiz.org\/index.php?rest_route=\/wp\/v2\/types\/page"}],"author":[{"embeddable":true,"href":"https:\/\/melihayildiz.org\/index.php?rest_route=\/wp\/v2\/users\/1"}],"replies":[{"embeddable":true,"href":"https:\/\/melihayildiz.org\/index.php?rest_route=%2Fwp%2Fv2%2Fcomments&post=3309"}],"version-history":[{"count":5,"href":"https:\/\/melihayildiz.org\/index.php?rest_route=\/wp\/v2\/pages\/3309\/revisions"}],"predecessor-version":[{"id":3344,"href":"https:\/\/melihayildiz.org\/index.php?rest_route=\/wp\/v2\/pages\/3309\/revisions\/3344"}],"wp:attachment":[{"href":"https:\/\/melihayildiz.org\/index.php?rest_route=%2Fwp%2Fv2%2Fmedia&parent=3309"}],"curies":[{"name":"wp","href":"https:\/\/api.w.org\/{rel}","templated":true}]}}