{"id":3312,"date":"2026-03-02T23:23:33","date_gmt":"2026-03-02T20:23:33","guid":{"rendered":"https:\/\/melihayildiz.org\/?page_id=3312"},"modified":"2026-03-17T02:19:53","modified_gmt":"2026-03-16T23:19:53","slug":"sehir-ici-ulasim","status":"publish","type":"page","link":"https:\/\/melihayildiz.org\/?page_id=3312","title":{"rendered":"\u015eehir \u0130\u00e7i Ula\u015f\u0131m"},"content":{"rendered":"\n<p>Novi Sad \u2018da \u015fehir i\u00e7i ula\u015f\u0131mda bilet yerine nakit \u00f6deme yapabilirsiniz. \u00dccretini \u015fof\u00f6re verebilirsiniz. Merkez hatlarda \u00fccret 100 dinar. Banliy\u00f6lerde gidece\u011finiz yere g\u00f6re de\u011fi\u015fir.<\/p>\n\n\n\n<p>Novi Sad \u015fehir i\u00e7i ula\u015f\u0131m tarifeleri i\u00e7in NSMART uygulamas\u0131n\u0131 telefonunuza indirebilirsiniz.<\/p>\n\n\n\n<p><a href=\"https:\/\/play.google.com\/store\/apps\/details?id=buslogic.nsmartapp\">https:\/\/play.google.com\/store\/apps\/details?id=buslogic.nsmartapp<\/a><\/p>\n\n\n\n<p>\u015eehir i\u00e7i ula\u015f\u0131m ara\u00e7lar\u0131nda Kiril alfabesi kullan\u0131l\u0131r. A\u015fa\u011f\u0131daki linkte; Latin alfabesini Kiril alfabesine \u00e7eviren klavyeyle, gitmek istedi\u011finiz yeri \u00f6\u011frenebilirsiniz.<\/p>\n\n\n\n<p><a href=\"https:\/\/www.lexilogos.com\/keyboard\/serbian.htm\">https:\/\/www.lexilogos.com\/keyboard\/serbian.htm<\/a><\/p>\n\n\n\n<p>*Kiril alfabesi i\u00e7in Ana sayfada, S\u0131rbistan Rehberi ba\u015fl\u0131\u011f\u0131 alt\u0131nda &#8220;Dil&#8221; b\u00f6l\u00fcm\u00fcne bakabilirsiniz.<\/p>\n","protected":false},"excerpt":{"rendered":"<p>Novi Sad \u2018da \u015fehir i\u00e7i ula\u015f\u0131mda bilet yerine nakit \u00f6deme yapabilirsiniz. \u00dccretini \u015fof\u00f6re verebilirsiniz.&hellip;<\/p>\n","protected":false},"author":1,"featured_media":0,"parent":0,"menu_order":0,"comment_status":"closed","ping_status":"closed","template":"","meta":{"footnotes":""},"class_list":["post-3312","page","type-page","status-publish","hentry"],"_links":{"self":[{"href":"https:\/\/melihayildiz.org\/index.php?rest_route=\/wp\/v2\/pages\/3312","targetHints":{"allow":["GET"]}}],"collection":[{"href":"https:\/\/melihayildiz.org\/index.php?rest_route=\/wp\/v2\/pages"}],"about":[{"href":"https:\/\/melihayildiz.org\/index.php?rest_route=\/wp\/v2\/types\/page"}],"author":[{"embeddable":true,"href":"https:\/\/melihayildiz.org\/index.php?rest_route=\/wp\/v2\/users\/1"}],"replies":[{"embeddable":true,"href":"https:\/\/melihayildiz.org\/index.php?rest_route=%2Fwp%2Fv2%2Fcomments&post=3312"}],"version-history":[{"count":5,"href":"https:\/\/melihayildiz.org\/index.php?rest_route=\/wp\/v2\/pages\/3312\/revisions"}],"predecessor-version":[{"id":3351,"href":"https:\/\/melihayildiz.org\/index.php?rest_route=\/wp\/v2\/pages\/3312\/revisions\/3351"}],"wp:attachment":[{"href":"https:\/\/melihayildiz.org\/index.php?rest_route=%2Fwp%2Fv2%2Fmedia&parent=3312"}],"curies":[{"name":"wp","href":"https:\/\/api.w.org\/{rel}","templated":true}]}}